{"id":224,"date":"2024-09-23T10:59:38","date_gmt":"2024-09-23T10:59:38","guid":{"rendered":"https:\/\/sinacoso.org\/?page_id=224"},"modified":"2024-09-23T10:59:38","modified_gmt":"2024-09-23T10:59:38","slug":"politica-de-privacidad","status":"publish","type":"page","link":"https:\/\/sinacoso.org\/blog\/politica-de-privacidad\/","title":{"rendered":"Pol\u00edtica de privacidad"},"content":{"rendered":"\n<p>En cumplimiento de la legislaci\u00f3n vigente sobre protecci\u00f3n de datos de car\u00e1cter personal, la ley de servicios de la sociedad de la informaci\u00f3n y sobre propiedad intelectual, les informamos concisa, clara y brevemente de sus derechos:<br><strong>\u00bfQui\u00e9n es el propietario del sitio web?<\/strong><br>Raz\u00f3n Social: Aemol Consulting 2030 SL\u00a0(en adelante EL PROPIETARIO)<br>CIF:\u00a0B72500796<br>Domicilio: Marques de Pidal 13 \u00b7 33004 &#8211; Oviedo, Espa\u00f1a<br>email de contacto: info@aemol.com<br>La empresa prestadora de los servicios no gratuitos tanto a Clientes como a Colaboradores es:<br>Ren Invest Ltd<br>UkReg: 12253540<br>71-75, Shelton Street, Covent Garden, London, WC2H 9JQ, UK<br>Correo electr\u00f3nico: info@sinacoso.org<br><strong>\u00bfQui\u00e9n es el Responsable del tratamiento de sus datos?<\/strong><br>La misma entidad<br>EL PROPIETARIO se reserva la posibilidad de modificar sin previo aviso, el dise\u00f1o, presentaci\u00f3n y\/o configuraci\u00f3n del Sitio Web, as\u00ed como algunos o todos los servicios, y a\u00f1adir servicios nuevos.<br>Las presentes Condiciones Legales regulan el acceso y el uso del Sitio Web. La finalidad de SITIO WEB es la de proporcionar informaci\u00f3n sobre sus servicios. El uso del Sitio Web implica la plena aceptaci\u00f3n de estas Condiciones Legales en la versi\u00f3n publicada por EL PROPIETARIO en el momento en que \u00e9stos acceden al Sitio Web. Las presentes Condiciones Legales y el resto de condiciones del Sitio Web se regir\u00e1n por la legislaci\u00f3n brit\u00e1nica. Todas las relaciones econ\u00f3micas de compra o suscripci\u00f3n de servicios y\/o productos se entienden realizadas entre empresas o profesionales, quedando excluido expresamente el uso y contrataci\u00f3n de clientes particulares como tales. El usuario es el \u00fanico responsable de cumplir con esta exclusi\u00f3n.<br><strong>OBLIGACIONES DEL USUARIO<\/strong><br>El Usuario se compromete a hacer un uso diligente del Sitio Web y de los servicios accesibles desde el mismo, con total sujeci\u00f3n a la Ley, a las buenas costumbres y las presentes Condiciones Legales y, en su caso, condiciones particulares, as\u00ed como mantener el debido respeto a los dem\u00e1s Usuarios.<br>Se proh\u00edbe a los Usuarios las siguientes acciones:<br>\u2022\u00a0Utilizar mecanismos, software o scripts en relaci\u00f3n con la utilizaci\u00f3n del Sitio Web.<br>\u2022\u00a0Bloquear, sobrescribir, modificar o copiar, a no ser que ello sea necesario para la correcta utilizaci\u00f3n de los servicios de los sitios web. Por ejemplo, el copiado mediante tecnolog\u00edas de buscador tipo \u00abRobot\/Crawler\u00bb no es necesario para la correcta utilizaci\u00f3n de los servicios del Sitio Web, por lo que est\u00e1 prohibido expresamente.<br>\u2022\u00a0Difundir, reproducir o comunicar p\u00fablicamente contenidos del Sitio Web, sin la autorizaci\u00f3n previa del titular de los derechos.<br>\u2022\u00a0Toda acci\u00f3n apta para perjudicar la funcionalidad de la infraestructura de EL PROPIETARIO, especialmente para sobrecargarla.<br>\u2022\u00a0A utilizar cualquiera de los materiales e informaciones contenidos en este Sitio Web con fines il\u00edcitos y expresamente prohibidos en las presentes Condiciones Legales, as\u00ed como a las condiciones particulares que, en su caso, se habiliten que resulten contrarios a los derechos e intereses de EL PROPIETARIO, sus miembros y\/o terceros, y deber\u00e1 responder frente a los mismos en caso de contravenir o incumplir dichas obligaciones y\/o que, de cualquier modo (incluida la introducci\u00f3n o difusi\u00f3n de \u00abvirus inform\u00e1ticos\u00bb), da\u00f1e, inutilice, sobrecargue, deteriore o impida la normal utilizaci\u00f3n de los materiales e informaciones contenidos en el Sitio Web, los sistemas de informaci\u00f3n o los documentos, archivos y toda clase de contenidos almacenados en cualquier equipo inform\u00e1tico (hacking) de EL PROPIETARIO, de sus miembros o de cualquier usuario registrado, particular u organizaci\u00f3n.<br>\u2022\u00a0Divulgar o facilitar informaci\u00f3n protegida por ley debido a relaciones contractuales o fiduciarias (como tener informaci\u00f3n privilegiada o informaci\u00f3n propiedad de otra persona y confidencial en virtud de una relaci\u00f3n laboral o un contrato de confidencialidad).<br>\u2022\u00a0Utilizar informaci\u00f3n, contenidos u otros datos vistos u obtenidos a trav\u00e9s de EL PROPIETARIO para prestar servicios que, a criterio exclusivo de EL PROPIETARIO, compitan con EL PROPIETARIO.<br>\u2022\u00a0Utilizar comercialmente la plataforma para obtener ingresos de terceros.<br>\u2022\u00a0El Usuario que incumpla intencional o culpablemente cualquiera de las precedentes obligaciones responder\u00e1 de todos los da\u00f1os y perjuicios que cause.<br><strong>SERVICIOS GRATUITOS<\/strong><br>EL PROPIETARIO ofrece servicios a cualquier empresa y profesional la plataforma para gestionar su plan de prevenci\u00f3n del acoso laboral, sexual y por motivo de sexo. Todos los servicios de pago se renuevan anualmente, siempre que el Cliente realice el pago correspondiente al aviso con las condiciones econ\u00f3micas para el siguiente a\u00f1o, que EL PROPIETARIO le remitir\u00e1 un mes antes del vencimiento de la anualidad.<br><strong>SERVICIOS DE PAGO<\/strong><br>Empresas y Profesionales<br>EL PROPIETARIO ofrece la redacci\u00f3n de los Planes de Prevenci\u00f3n del Acoso Laboral, as\u00ed como un Canal de Denuncias externo a las Empresas clientes. Su disposici\u00f3n ser\u00e1 inmediata tras la confirmaci\u00f3n de la recepci\u00f3n del pago de los servicios. La redacci\u00f3n del Plan es un pago \u00fanico, mientras no cambie la Legislaci\u00f3n que le afecta. La suscripci\u00f3n a la disponibilidad del Canal de denuncias online es de car\u00e1cter anual, prepago, pudiendo cancelar el servicio el cliente cuando lo desee, sin derecho a reembolso alguno, siendo su cuenta inhabilitada desde ese momento.<br>EL PROPIETARIO puede ofrecer productos de merchandising comercializados por terceros que se regir\u00e1n por las condiciones comunes.<br>Con la contrataci\u00f3n de un servicio no se compromete a su renovaci\u00f3n. Es libre de renovarlo, cuando sea el respectivo momento, o no. En caso de no renovaci\u00f3n, EL PROPIETARIO cesar\u00e1 de cualquier responsabilidad sobre la contrataci\u00f3n del servicio inicial.<br>En el caso de servicios, por ser de entrega digital no existen costes de env\u00edo.<br>EL PROPIETARIO puede ceder la gesti\u00f3n y derechos de cobros a un tercero sin tr\u00e1mite ni notificaci\u00f3n alguno. Igualmente,\u00a0EL PROPIETARIO, puede ceder el contrato de suscripciones anuales de servicios a una tercera empresa sin necesidad de notificaci\u00f3n ni intervenci\u00f3n del Cliente, quedando esa Empresa obligada en los mismos t\u00e9rminos ante el Cliente.<br>Sobre la tienda de art\u00edculos de Merchandising<\/p>\n","protected":false},"excerpt":{"rendered":"<p>En cumplimiento de la legislaci\u00f3n vigente sobre protecci\u00f3n de datos de car\u00e1cter personal, la ley de servicios de la sociedad de la informaci\u00f3n y sobre propiedad intelectual, les informamos concisa, clara y brevemente de sus derechos:\u00bfQui\u00e9n es el propietario del sitio web?Raz\u00f3n Social: Aemol Consulting 2030 SL\u00a0(en adelante EL PROPIETARIO)CIF:\u00a0B72500796Domicilio: Marques de Pidal 13 \u00b7 [&hellip;]<\/p>\n","protected":false},"author":1,"featured_media":0,"parent":0,"menu_order":0,"comment_status":"closed","ping_status":"closed","template":"","meta":{"footnotes":""},"class_list":["post-224","page","type-page","status-publish","hentry"],"yoast_head":"<!-- This site is optimized with the Yoast SEO plugin v27.4 - https:\/\/yoast.com\/product\/yoast-seo-wordpress\/ -->\n<title>Pol\u00edtica de privacidad - SINacoso<\/title>\n<meta name=\"robots\" content=\"index, follow, max-snippet:-1, max-image-preview:large, max-video-preview:-1\" \/>\n<link rel=\"canonical\" href=\"https:\/\/sinacoso.org\/blog\/politica-de-privacidad\/\" \/>\n<meta property=\"og:locale\" content=\"es_ES\" \/>\n<meta property=\"og:type\" content=\"article\" \/>\n<meta property=\"og:title\" content=\"Pol\u00edtica de privacidad - SINacoso\" \/>\n<meta property=\"og:description\" content=\"En cumplimiento de la legislaci\u00f3n vigente sobre protecci\u00f3n de datos de car\u00e1cter personal, la ley de servicios de la sociedad de la informaci\u00f3n y sobre propiedad intelectual, les informamos concisa, clara y brevemente de sus derechos:\u00bfQui\u00e9n es el propietario del sitio web?Raz\u00f3n Social: Aemol Consulting 2030 SL\u00a0(en adelante EL PROPIETARIO)CIF:\u00a0B72500796Domicilio: Marques de Pidal 13 \u00b7 [&hellip;]\" \/>\n<meta property=\"og:url\" content=\"https:\/\/sinacoso.org\/blog\/politica-de-privacidad\/\" \/>\n<meta property=\"og:site_name\" content=\"SINacoso\" \/>\n<meta name=\"twitter:card\" content=\"summary_large_image\" \/>\n<meta name=\"twitter:label1\" content=\"Tiempo de lectura\" \/>\n\t<meta name=\"twitter:data1\" content=\"5 minutos\" \/>\n<script type=\"application\/ld+json\" class=\"yoast-schema-graph\">{\"@context\":\"https:\\\/\\\/schema.org\",\"@graph\":[{\"@type\":\"WebPage\",\"@id\":\"https:\\\/\\\/sinacoso.org\\\/blog\\\/politica-de-privacidad\\\/\",\"url\":\"https:\\\/\\\/sinacoso.org\\\/blog\\\/politica-de-privacidad\\\/\",\"name\":\"Pol\u00edtica de privacidad - SINacoso\",\"isPartOf\":{\"@id\":\"https:\\\/\\\/sinacoso.org\\\/blog\\\/#website\"},\"datePublished\":\"2024-09-23T10:59:38+00:00\",\"breadcrumb\":{\"@id\":\"https:\\\/\\\/sinacoso.org\\\/blog\\\/politica-de-privacidad\\\/#breadcrumb\"},\"inLanguage\":\"es\",\"potentialAction\":[{\"@type\":\"ReadAction\",\"target\":[\"https:\\\/\\\/sinacoso.org\\\/blog\\\/politica-de-privacidad\\\/\"]}]},{\"@type\":\"BreadcrumbList\",\"@id\":\"https:\\\/\\\/sinacoso.org\\\/blog\\\/politica-de-privacidad\\\/#breadcrumb\",\"itemListElement\":[{\"@type\":\"ListItem\",\"position\":1,\"name\":\"Portada\",\"item\":\"https:\\\/\\\/sinacoso.org\\\/blog\\\/\"},{\"@type\":\"ListItem\",\"position\":2,\"name\":\"Pol\u00edtica de privacidad\"}]},{\"@type\":\"WebSite\",\"@id\":\"https:\\\/\\\/sinacoso.org\\\/blog\\\/#website\",\"url\":\"https:\\\/\\\/sinacoso.org\\\/blog\\\/\",\"name\":\"SINacoso\",\"description\":\"Prevenci\u00f3n del Acoso laboral\",\"publisher\":{\"@id\":\"https:\\\/\\\/sinacoso.org\\\/blog\\\/#organization\"},\"potentialAction\":[{\"@type\":\"SearchAction\",\"target\":{\"@type\":\"EntryPoint\",\"urlTemplate\":\"https:\\\/\\\/sinacoso.org\\\/blog\\\/?s={search_term_string}\"},\"query-input\":{\"@type\":\"PropertyValueSpecification\",\"valueRequired\":true,\"valueName\":\"search_term_string\"}}],\"inLanguage\":\"es\"},{\"@type\":\"Organization\",\"@id\":\"https:\\\/\\\/sinacoso.org\\\/blog\\\/#organization\",\"name\":\"SINacoso\",\"url\":\"https:\\\/\\\/sinacoso.org\\\/blog\\\/\",\"logo\":{\"@type\":\"ImageObject\",\"inLanguage\":\"es\",\"@id\":\"https:\\\/\\\/sinacoso.org\\\/blog\\\/#\\\/schema\\\/logo\\\/image\\\/\",\"url\":\"https:\\\/\\\/sinacoso.org\\\/wp-content\\\/uploads\\\/2024\\\/09\\\/unnamed.png\",\"contentUrl\":\"https:\\\/\\\/sinacoso.org\\\/wp-content\\\/uploads\\\/2024\\\/09\\\/unnamed.png\",\"width\":400,\"height\":85,\"caption\":\"SINacoso\"},\"image\":{\"@id\":\"https:\\\/\\\/sinacoso.org\\\/blog\\\/#\\\/schema\\\/logo\\\/image\\\/\"}}]}<\/script>\n<!-- \/ Yoast SEO plugin. -->","yoast_head_json":{"title":"Pol\u00edtica de privacidad - SINacoso","robots":{"index":"index","follow":"follow","max-snippet":"max-snippet:-1","max-image-preview":"max-image-preview:large","max-video-preview":"max-video-preview:-1"},"canonical":"https:\/\/sinacoso.org\/blog\/politica-de-privacidad\/","og_locale":"es_ES","og_type":"article","og_title":"Pol\u00edtica de privacidad - SINacoso","og_description":"En cumplimiento de la legislaci\u00f3n vigente sobre protecci\u00f3n de datos de car\u00e1cter personal, la ley de servicios de la sociedad de la informaci\u00f3n y sobre propiedad intelectual, les informamos concisa, clara y brevemente de sus derechos:\u00bfQui\u00e9n es el propietario del sitio web?Raz\u00f3n Social: Aemol Consulting 2030 SL\u00a0(en adelante EL PROPIETARIO)CIF:\u00a0B72500796Domicilio: Marques de Pidal 13 \u00b7 [&hellip;]","og_url":"https:\/\/sinacoso.org\/blog\/politica-de-privacidad\/","og_site_name":"SINacoso","twitter_card":"summary_large_image","twitter_misc":{"Tiempo de lectura":"5 minutos"},"schema":{"@context":"https:\/\/schema.org","@graph":[{"@type":"WebPage","@id":"https:\/\/sinacoso.org\/blog\/politica-de-privacidad\/","url":"https:\/\/sinacoso.org\/blog\/politica-de-privacidad\/","name":"Pol\u00edtica de privacidad - SINacoso","isPartOf":{"@id":"https:\/\/sinacoso.org\/blog\/#website"},"datePublished":"2024-09-23T10:59:38+00:00","breadcrumb":{"@id":"https:\/\/sinacoso.org\/blog\/politica-de-privacidad\/#breadcrumb"},"inLanguage":"es","potentialAction":[{"@type":"ReadAction","target":["https:\/\/sinacoso.org\/blog\/politica-de-privacidad\/"]}]},{"@type":"BreadcrumbList","@id":"https:\/\/sinacoso.org\/blog\/politica-de-privacidad\/#breadcrumb","itemListElement":[{"@type":"ListItem","position":1,"name":"Portada","item":"https:\/\/sinacoso.org\/blog\/"},{"@type":"ListItem","position":2,"name":"Pol\u00edtica de privacidad"}]},{"@type":"WebSite","@id":"https:\/\/sinacoso.org\/blog\/#website","url":"https:\/\/sinacoso.org\/blog\/","name":"SINacoso","description":"Prevenci\u00f3n del Acoso laboral","publisher":{"@id":"https:\/\/sinacoso.org\/blog\/#organization"},"potentialAction":[{"@type":"SearchAction","target":{"@type":"EntryPoint","urlTemplate":"https:\/\/sinacoso.org\/blog\/?s={search_term_string}"},"query-input":{"@type":"PropertyValueSpecification","valueRequired":true,"valueName":"search_term_string"}}],"inLanguage":"es"},{"@type":"Organization","@id":"https:\/\/sinacoso.org\/blog\/#organization","name":"SINacoso","url":"https:\/\/sinacoso.org\/blog\/","logo":{"@type":"ImageObject","inLanguage":"es","@id":"https:\/\/sinacoso.org\/blog\/#\/schema\/logo\/image\/","url":"https:\/\/sinacoso.org\/wp-content\/uploads\/2024\/09\/unnamed.png","contentUrl":"https:\/\/sinacoso.org\/wp-content\/uploads\/2024\/09\/unnamed.png","width":400,"height":85,"caption":"SINacoso"},"image":{"@id":"https:\/\/sinacoso.org\/blog\/#\/schema\/logo\/image\/"}}]}},"_links":{"self":[{"href":"https:\/\/sinacoso.org\/blog\/wp-json\/wp\/v2\/pages\/224","targetHints":{"allow":["GET"]}}],"collection":[{"href":"https:\/\/sinacoso.org\/blog\/wp-json\/wp\/v2\/pages"}],"about":[{"href":"https:\/\/sinacoso.org\/blog\/wp-json\/wp\/v2\/types\/page"}],"author":[{"embeddable":true,"href":"https:\/\/sinacoso.org\/blog\/wp-json\/wp\/v2\/users\/1"}],"replies":[{"embeddable":true,"href":"https:\/\/sinacoso.org\/blog\/wp-json\/wp\/v2\/comments?post=224"}],"version-history":[{"count":1,"href":"https:\/\/sinacoso.org\/blog\/wp-json\/wp\/v2\/pages\/224\/revisions"}],"predecessor-version":[{"id":225,"href":"https:\/\/sinacoso.org\/blog\/wp-json\/wp\/v2\/pages\/224\/revisions\/225"}],"wp:attachment":[{"href":"https:\/\/sinacoso.org\/blog\/wp-json\/wp\/v2\/media?parent=224"}],"curies":[{"name":"wp","href":"https:\/\/api.w.org\/{rel}","templated":true}]}}