{"id":222,"date":"2024-09-23T10:58:51","date_gmt":"2024-09-23T10:58:51","guid":{"rendered":"https:\/\/sinacoso.org\/?page_id=222"},"modified":"2024-09-23T11:01:12","modified_gmt":"2024-09-23T11:01:12","slug":"politica-de-cookies","status":"publish","type":"page","link":"https:\/\/sinacoso.org\/blog\/politica-de-cookies\/","title":{"rendered":"Pol\u00edtica de Cookies"},"content":{"rendered":"\n<p>El PROPIETARIO est\u00e1 especialmente sensibilizado en la protecci\u00f3n de datos de car\u00e1cter personal de los Usuarios de los servicios del sitio Web. Mediante la presente Pol\u00edtica de Privacidad (en adelante, la Pol\u00edtica) se informa a los USUARIOS de este sitio web, de los usos a los que se someten los datos de car\u00e1cter personal que se recaban en sitio Web, con el fin de que decidan, libre y voluntariamente, si desean facilitar la informaci\u00f3n solicitada.<br>Se reserva la facultad de modificar esta Pol\u00edtica con el objeto de adaptarla a novedades legislativas, criterios jurisprudenciales, pr\u00e1cticas del sector, o intereses de la entidad. Cualquier modificaci\u00f3n en la misma ser\u00e1 anunciada con la debida antelaci\u00f3n, a fin de que tenga perfecto conocimiento de su contenido.<br><strong>FINALIDAD DEL TRATAMIENTO<\/strong><br>La recogida y tratamiento de los datos personales recogidos a trav\u00e9s del formulario de registro en el \u00e1rea cliente, etc.; tiene como finalidad la gesti\u00f3n, administraci\u00f3n, prestaci\u00f3n, ampliaci\u00f3n y mejora de los servicios prestados por LA ENTIDAD, atendiendo a las solicitudes de informaci\u00f3n y\/o consultas planteadas .<br><strong>PLAZO DE CONSERVACI\u00d3N<\/strong><br>Los datos personales proporcionados se conservar\u00e1n durante el plazo correspondiente para cumplir con las obligaciones legales, o hasta que se solicite su supresi\u00f3n por el interesado y est\u00e9 legitimado para ello.<br><strong>LEGITIMACI\u00d3N<\/strong><br>sinacoso.org est\u00e1 legitimado al tratamiento de datos personales, en base al consentimiento otorgado por el interesado para uno o varios fines espec\u00edficos, tal y como recoge el art\u00edculo 6.1.a) y 6.1.b) del Reglamento General de Protecci\u00f3n de datos personales.<br><strong>DESTINATARIOS<\/strong><br>No ser\u00e1n cedidos o comunicados a otros terceros, salvo en los supuestos necesarios para el desarrollo, control y cumplimiento de la finalidad expresada, en los supuestos previstos seg\u00fan Ley, as\u00ed como en los casos espec\u00edficos, de los que se informe expresamente al Usuario.<br><strong>DERECHOS DE LOS USUARIOS<\/strong>: \u00bfCu\u00e1les son sus derechos cuando nos facilita sus datos?<br>\u00b7 Acceso: El interesado tiene derecho a saber qu\u00e9 datos est\u00e1 tratando la ENTIDAD sobre \u00e9l.<br>\u00b7 Rectificaci\u00f3n: El interesado tiene derecho a solicitar la rectificaci\u00f3n de los datos inexactos.<br>\u00b7 Supresi\u00f3n: El interesado tiene derecho a solicitar la supresi\u00f3n de sus datos cuando, entro otros motivos, los datos no sean necesarios para los fines que fueron recogidos.<br>\u00b7 Limitaci\u00f3n del tratamiento: En determinadas circunstancias el interesado podr\u00e1 solicitar la limitaci\u00f3n del tratamiento de sus datos, en cuyo caso \u00fanicamente los conservaremos para el ejercicio o la defensa de reclamaciones.<br>\u00b7 Oposici\u00f3n: En determinadas circunstancias el interesado podr\u00e1 oponerse al tratamiento de sus datos. En ese caso la ENTIDAD dejar\u00e1 de tratar sus datos, salvo por motivos leg\u00edtimos imperiosos o el ejercicio o la defensa de posibles reclamaciones.<br>\u00b7 Portabilidad de los datos: S\u00f3lo aplicable a datos automatizados y consiste en pasar los datos desde la ENTIDAD a otro nuevo RESPONSABLE DEL TRATAMIENTO (no al interesado y por solicitud del mismo).<br>Puede usted ejercer sus derechos incluido el derecho a retirar su consentimiento (si este fue otorgado) enviando un escrito acompa\u00f1ado de su DNI a la direcci\u00f3n anteriormente indicada o enviando un e-mail a info@sinacoso.org<br>Adem\u00e1s tiene usted derecho a presentar una reclamaci\u00f3n ante la Autoridad de Control en materia de Protecci\u00f3n de Datos, actualmente la Agencia Espa\u00f1ola de Protecci\u00f3n de Datos.<br><strong>MEDIDAS DE SEGURIDAD<\/strong><br>El responsable del tratamiento aplicar\u00e1 medidas t\u00e9cnicas y organizativas apropiadas para garantizar un nivel de seguridad adecuado al riesgo del mismo.<br><strong>TRANSFERENCIAS INTERNACIONALES<\/strong><br>NO se realizan transferencias internacionales.<br><strong>PERFILES Y TOMAS DE DECISIONES AUTOMATIZADAS<\/strong><br>NO se elaboran perfiles, NO se toman decisiones automatizadas con los datos facilitados por el usuario.<br><strong>\u00bfQU\u00c9 SON LAS COOKIES?<\/strong><br>Una cookie es un fichero que se descarga en su ordenador al acceder a determinadas p\u00e1ginas web. Las cookies permiten a una p\u00e1gina web, entre otras cosas, almacenar y recuperar informaci\u00f3n sobre los h\u00e1bitos de navegaci\u00f3n de un usuario o de su equipo y, dependiendo de la informaci\u00f3n que contengan y de la forma en que utilice su equipo, pueden utilizarse para reconocer al usuario.<br><strong>\u00bfQU\u00c9 TIPOS DE COOKIES UTILIZA ESTA P\u00c1GINA WEB?<\/strong><br>Esta p\u00e1gina web utiliza los siguientes tipos de cookies:<br>-Cookies t\u00e9cnicas: Son aquellas que permiten al usuario la navegaci\u00f3n a trav\u00e9s del \u00e1rea restringida y la utilizaci\u00f3n de sus diferentes funciones, como por ejemplo, llevar a cambio el proceso de compra de un art\u00edculo. Periodo de conservaci\u00f3n: 7 dias.<br><strong>DESACTIVAR LAS COOKIES<\/strong><br>Puede usted permitir, bloquear o eliminar las cookies instaladas en su equipo mediante la configuraci\u00f3n de las opciones del navegador instalado en su ordenador.<br>En la mayor\u00eda de los navegadores web se ofrece la posibilidad de permitir, bloquear o eliminar las cookies instaladas en su equipo.<br>A continuaci\u00f3n puede acceder a la configuraci\u00f3n de los navegadores webs m\u00e1s frecuentes para aceptar, instalar o desactivar las cookies:<br>Configurar cookies en Google Chrome (PC): https:\/\/support.google.com\/chrome\/answer\/95647?hl=es<br>Configurar cookies en Microsoft Internet Explorer: https:\/\/support.microsoft.com\/es-es\/topic\/eliminar-y-administrar-cookies<br>Configurar cookies en Mozilla Firefox: http:\/\/mzl.la\/1RvWw5e<br>Configurar cookies en Safari (iPhone, iPad o iPod touch): https:\/\/support.apple.com\/es-es\/HT201265<br>Configurar cookies en Safari (Mac): https:\/\/support.apple.com\/es-es\/guide\/safari\/sfri11471\/mac<br>Otros navegadores: consulte la documentaci\u00f3n del navegador que tenga instalado.<br><strong>COOKIES DE TERCEROS.<\/strong><br>Esta p\u00e1gina web no utiliza servicios de terceros para recopilar informaci\u00f3n con fines estad\u00edsticos y de uso de la web.<br><strong>ADVERTENCIA SOBRE ELIMINAR Y\/O RECHAZAR COOKIES.<\/strong><br>Usted puede denegar, eliminar y bloquear todas las cookies de este sitio, pero el sitio no funcionar\u00e1 o la calidad de la p\u00e1gina web puede verse afectada.<br>Usted puede revocar en cualquier momento el consentimiento al uso de cookies para ello deber\u00e1 eliminarlas previamente con las opciones de su navegador y posteriormente, al volver a cargar la p\u00e1gina, rechazarlas.<br>Si tiene cualquier duda acerca de nuestra pol\u00edtica de cookies, puede contactar con esta p\u00e1gina web a trav\u00e9s de nuestros canales de Contacto.<\/p>\n","protected":false},"excerpt":{"rendered":"<p>El PROPIETARIO est\u00e1 especialmente sensibilizado en la protecci\u00f3n de datos de car\u00e1cter personal de los Usuarios de los servicios del sitio Web. Mediante la presente Pol\u00edtica de Privacidad (en adelante, la Pol\u00edtica) se informa a los USUARIOS de este sitio web, de los usos a los que se someten los datos de car\u00e1cter personal que [&hellip;]<\/p>\n","protected":false},"author":1,"featured_media":0,"parent":0,"menu_order":0,"comment_status":"closed","ping_status":"closed","template":"","meta":{"footnotes":""},"class_list":["post-222","page","type-page","status-publish","hentry"],"yoast_head":"<!-- This site is optimized with the Yoast SEO plugin v27.5 - https:\/\/yoast.com\/product\/yoast-seo-wordpress\/ -->\n<title>Pol\u00edtica de Cookies - SINacoso<\/title>\n<meta name=\"robots\" content=\"index, follow, max-snippet:-1, max-image-preview:large, max-video-preview:-1\" \/>\n<link rel=\"canonical\" href=\"https:\/\/sinacoso.org\/blog\/politica-de-cookies\/\" \/>\n<meta property=\"og:locale\" content=\"es_ES\" \/>\n<meta property=\"og:type\" content=\"article\" \/>\n<meta property=\"og:title\" content=\"Pol\u00edtica de Cookies - SINacoso\" \/>\n<meta property=\"og:description\" content=\"El PROPIETARIO est\u00e1 especialmente sensibilizado en la protecci\u00f3n de datos de car\u00e1cter personal de los Usuarios de los servicios del sitio Web. Mediante la presente Pol\u00edtica de Privacidad (en adelante, la Pol\u00edtica) se informa a los USUARIOS de este sitio web, de los usos a los que se someten los datos de car\u00e1cter personal que [&hellip;]\" \/>\n<meta property=\"og:url\" content=\"https:\/\/sinacoso.org\/blog\/politica-de-cookies\/\" \/>\n<meta property=\"og:site_name\" content=\"SINacoso\" \/>\n<meta property=\"article:modified_time\" content=\"2024-09-23T11:01:12+00:00\" \/>\n<meta name=\"twitter:card\" content=\"summary_large_image\" \/>\n<meta name=\"twitter:label1\" content=\"Tiempo de lectura\" \/>\n\t<meta name=\"twitter:data1\" content=\"5 minutos\" \/>\n<script type=\"application\/ld+json\" class=\"yoast-schema-graph\">{\"@context\":\"https:\\\/\\\/schema.org\",\"@graph\":[{\"@type\":\"WebPage\",\"@id\":\"https:\\\/\\\/sinacoso.org\\\/blog\\\/politica-de-cookies\\\/\",\"url\":\"https:\\\/\\\/sinacoso.org\\\/blog\\\/politica-de-cookies\\\/\",\"name\":\"Pol\u00edtica de Cookies - SINacoso\",\"isPartOf\":{\"@id\":\"https:\\\/\\\/sinacoso.org\\\/blog\\\/#website\"},\"datePublished\":\"2024-09-23T10:58:51+00:00\",\"dateModified\":\"2024-09-23T11:01:12+00:00\",\"breadcrumb\":{\"@id\":\"https:\\\/\\\/sinacoso.org\\\/blog\\\/politica-de-cookies\\\/#breadcrumb\"},\"inLanguage\":\"es\",\"potentialAction\":[{\"@type\":\"ReadAction\",\"target\":[\"https:\\\/\\\/sinacoso.org\\\/blog\\\/politica-de-cookies\\\/\"]}]},{\"@type\":\"BreadcrumbList\",\"@id\":\"https:\\\/\\\/sinacoso.org\\\/blog\\\/politica-de-cookies\\\/#breadcrumb\",\"itemListElement\":[{\"@type\":\"ListItem\",\"position\":1,\"name\":\"Portada\",\"item\":\"https:\\\/\\\/sinacoso.org\\\/blog\\\/\"},{\"@type\":\"ListItem\",\"position\":2,\"name\":\"Pol\u00edtica de Cookies\"}]},{\"@type\":\"WebSite\",\"@id\":\"https:\\\/\\\/sinacoso.org\\\/blog\\\/#website\",\"url\":\"https:\\\/\\\/sinacoso.org\\\/blog\\\/\",\"name\":\"SINacoso\",\"description\":\"Prevenci\u00f3n del Acoso laboral\",\"publisher\":{\"@id\":\"https:\\\/\\\/sinacoso.org\\\/blog\\\/#organization\"},\"potentialAction\":[{\"@type\":\"SearchAction\",\"target\":{\"@type\":\"EntryPoint\",\"urlTemplate\":\"https:\\\/\\\/sinacoso.org\\\/blog\\\/?s={search_term_string}\"},\"query-input\":{\"@type\":\"PropertyValueSpecification\",\"valueRequired\":true,\"valueName\":\"search_term_string\"}}],\"inLanguage\":\"es\"},{\"@type\":\"Organization\",\"@id\":\"https:\\\/\\\/sinacoso.org\\\/blog\\\/#organization\",\"name\":\"SINacoso\",\"url\":\"https:\\\/\\\/sinacoso.org\\\/blog\\\/\",\"logo\":{\"@type\":\"ImageObject\",\"inLanguage\":\"es\",\"@id\":\"https:\\\/\\\/sinacoso.org\\\/blog\\\/#\\\/schema\\\/logo\\\/image\\\/\",\"url\":\"https:\\\/\\\/sinacoso.org\\\/wp-content\\\/uploads\\\/2024\\\/09\\\/unnamed.png\",\"contentUrl\":\"https:\\\/\\\/sinacoso.org\\\/wp-content\\\/uploads\\\/2024\\\/09\\\/unnamed.png\",\"width\":400,\"height\":85,\"caption\":\"SINacoso\"},\"image\":{\"@id\":\"https:\\\/\\\/sinacoso.org\\\/blog\\\/#\\\/schema\\\/logo\\\/image\\\/\"}}]}<\/script>\n<!-- \/ Yoast SEO plugin. -->","yoast_head_json":{"title":"Pol\u00edtica de Cookies - SINacoso","robots":{"index":"index","follow":"follow","max-snippet":"max-snippet:-1","max-image-preview":"max-image-preview:large","max-video-preview":"max-video-preview:-1"},"canonical":"https:\/\/sinacoso.org\/blog\/politica-de-cookies\/","og_locale":"es_ES","og_type":"article","og_title":"Pol\u00edtica de Cookies - SINacoso","og_description":"El PROPIETARIO est\u00e1 especialmente sensibilizado en la protecci\u00f3n de datos de car\u00e1cter personal de los Usuarios de los servicios del sitio Web. Mediante la presente Pol\u00edtica de Privacidad (en adelante, la Pol\u00edtica) se informa a los USUARIOS de este sitio web, de los usos a los que se someten los datos de car\u00e1cter personal que [&hellip;]","og_url":"https:\/\/sinacoso.org\/blog\/politica-de-cookies\/","og_site_name":"SINacoso","article_modified_time":"2024-09-23T11:01:12+00:00","twitter_card":"summary_large_image","twitter_misc":{"Tiempo de lectura":"5 minutos"},"schema":{"@context":"https:\/\/schema.org","@graph":[{"@type":"WebPage","@id":"https:\/\/sinacoso.org\/blog\/politica-de-cookies\/","url":"https:\/\/sinacoso.org\/blog\/politica-de-cookies\/","name":"Pol\u00edtica de Cookies - SINacoso","isPartOf":{"@id":"https:\/\/sinacoso.org\/blog\/#website"},"datePublished":"2024-09-23T10:58:51+00:00","dateModified":"2024-09-23T11:01:12+00:00","breadcrumb":{"@id":"https:\/\/sinacoso.org\/blog\/politica-de-cookies\/#breadcrumb"},"inLanguage":"es","potentialAction":[{"@type":"ReadAction","target":["https:\/\/sinacoso.org\/blog\/politica-de-cookies\/"]}]},{"@type":"BreadcrumbList","@id":"https:\/\/sinacoso.org\/blog\/politica-de-cookies\/#breadcrumb","itemListElement":[{"@type":"ListItem","position":1,"name":"Portada","item":"https:\/\/sinacoso.org\/blog\/"},{"@type":"ListItem","position":2,"name":"Pol\u00edtica de Cookies"}]},{"@type":"WebSite","@id":"https:\/\/sinacoso.org\/blog\/#website","url":"https:\/\/sinacoso.org\/blog\/","name":"SINacoso","description":"Prevenci\u00f3n del Acoso laboral","publisher":{"@id":"https:\/\/sinacoso.org\/blog\/#organization"},"potentialAction":[{"@type":"SearchAction","target":{"@type":"EntryPoint","urlTemplate":"https:\/\/sinacoso.org\/blog\/?s={search_term_string}"},"query-input":{"@type":"PropertyValueSpecification","valueRequired":true,"valueName":"search_term_string"}}],"inLanguage":"es"},{"@type":"Organization","@id":"https:\/\/sinacoso.org\/blog\/#organization","name":"SINacoso","url":"https:\/\/sinacoso.org\/blog\/","logo":{"@type":"ImageObject","inLanguage":"es","@id":"https:\/\/sinacoso.org\/blog\/#\/schema\/logo\/image\/","url":"https:\/\/sinacoso.org\/wp-content\/uploads\/2024\/09\/unnamed.png","contentUrl":"https:\/\/sinacoso.org\/wp-content\/uploads\/2024\/09\/unnamed.png","width":400,"height":85,"caption":"SINacoso"},"image":{"@id":"https:\/\/sinacoso.org\/blog\/#\/schema\/logo\/image\/"}}]}},"_links":{"self":[{"href":"https:\/\/sinacoso.org\/blog\/wp-json\/wp\/v2\/pages\/222","targetHints":{"allow":["GET"]}}],"collection":[{"href":"https:\/\/sinacoso.org\/blog\/wp-json\/wp\/v2\/pages"}],"about":[{"href":"https:\/\/sinacoso.org\/blog\/wp-json\/wp\/v2\/types\/page"}],"author":[{"embeddable":true,"href":"https:\/\/sinacoso.org\/blog\/wp-json\/wp\/v2\/users\/1"}],"replies":[{"embeddable":true,"href":"https:\/\/sinacoso.org\/blog\/wp-json\/wp\/v2\/comments?post=222"}],"version-history":[{"count":2,"href":"https:\/\/sinacoso.org\/blog\/wp-json\/wp\/v2\/pages\/222\/revisions"}],"predecessor-version":[{"id":228,"href":"https:\/\/sinacoso.org\/blog\/wp-json\/wp\/v2\/pages\/222\/revisions\/228"}],"wp:attachment":[{"href":"https:\/\/sinacoso.org\/blog\/wp-json\/wp\/v2\/media?parent=222"}],"curies":[{"name":"wp","href":"https:\/\/api.w.org\/{rel}","templated":true}]}}